{"id":490,"date":"2025-12-03T10:39:34","date_gmt":"2025-12-03T10:39:34","guid":{"rendered":"https:\/\/conceptplvplus.com\/?post_type=product&#038;p=490"},"modified":"2025-12-03T10:49:42","modified_gmt":"2025-12-03T10:49:42","slug":"patisserie-mme-turki","status":"publish","type":"product","link":"https:\/\/conceptplvplus.com\/?product=patisserie-mme-turki","title":{"rendered":"P\u00e2tisserie Mme Turki"},"content":{"rendered":"<p>\ud83c\udf70\u2728 Une structure sur mesure pour une p\u00e2tisserie d\u2019exception ! \u2728<br \/>\nRobuste, \u00e9l\u00e9gante et parfaitement adapt\u00e9e pour sublimer cet espace gourmand. \ud83c\udfe1\ud83d\udd29<br \/>\n\ud83d\udce9 DM pour vos projets personnalis\u00e9s !<\/p>\n<div class=\"images-inline\">\n  <img loading=\"lazy\" decoding=\"async\" src=\"http:\/\/conceptplvplus.com\/wp-content\/uploads\/2025\/12\/494758081_1224482676353729_8948309114256125287_n-1-300x225.jpg\" alt=\"\" width=\"300\" height=\"225\" \/><br \/>\n  <img loading=\"lazy\" decoding=\"async\" src=\"http:\/\/conceptplvplus.com\/wp-content\/uploads\/2025\/12\/494967684_1224483979686932_5670348541934840018_n-300x157.jpg\" alt=\"\" width=\"300\" height=\"157\" \/><br \/>\n  <img loading=\"lazy\" decoding=\"async\" src=\"http:\/\/conceptplvplus.com\/wp-content\/uploads\/2025\/12\/493876909_1224483906353606_3756700621185470387_n-300x225.jpg\" alt=\"\" width=\"300\" height=\"225\" \/><br \/>\n  <img loading=\"lazy\" decoding=\"async\" src=\"http:\/\/conceptplvplus.com\/wp-content\/uploads\/2025\/12\/494160814_1224483883020275_7029294095104972311_n-225x300.jpg\" alt=\"\" width=\"225\" height=\"300\" \/><br \/>\n  <img loading=\"lazy\" decoding=\"async\" src=\"http:\/\/conceptplvplus.com\/wp-content\/uploads\/2025\/12\/494136314_1224483023020361_6232985622947425790_n-225x300.jpg\" alt=\"\" width=\"225\" height=\"300\" \/>\n<\/div>\n<style>\n.images-inline {\n  display: flex;\n  gap: 10px;          \/* espace entre les images *\/\n  overflow-x: auto;    \/* scroll horizontal si trop large *\/\n  padding: 5px 0;\n  white-space: nowrap; \/* emp\u00eache le retour \u00e0 la ligne *\/\n}<\/p>\n<p>.images-inline img {\n  flex-shrink: 0;      \/* emp\u00eache l'image de r\u00e9tr\u00e9cir *\/\n  border-radius: 5px;\n}\n<\/style>\n","protected":false},"excerpt":{"rendered":"<p>\ud83c\udf70\u2728 Une structure sur mesure pour une p\u00e2tisserie d\u2019exception ! \u2728 Robuste, \u00e9l\u00e9gante et parfaitement adapt\u00e9e pour sublimer cet espace gourmand. \ud83c\udfe1\ud83d\udd29 \ud83d\udce9 DM pour vos projets personnalis\u00e9s !<\/p>\n","protected":false},"featured_media":495,"comment_status":"open","ping_status":"closed","template":"","meta":[],"product_brand":[],"product_cat":[23],"product_tag":[],"class_list":{"0":"post-490","1":"product","2":"type-product","3":"status-publish","4":"has-post-thumbnail","6":"product_cat-projets","8":"first","9":"instock","10":"shipping-taxable","11":"product-type-simple"},"_links":{"self":[{"href":"https:\/\/conceptplvplus.com\/index.php?rest_route=\/wp\/v2\/product\/490","targetHints":{"allow":["GET"]}}],"collection":[{"href":"https:\/\/conceptplvplus.com\/index.php?rest_route=\/wp\/v2\/product"}],"about":[{"href":"https:\/\/conceptplvplus.com\/index.php?rest_route=\/wp\/v2\/types\/product"}],"replies":[{"embeddable":true,"href":"https:\/\/conceptplvplus.com\/index.php?rest_route=%2Fwp%2Fv2%2Fcomments&post=490"}],"wp:featuredmedia":[{"embeddable":true,"href":"https:\/\/conceptplvplus.com\/index.php?rest_route=\/wp\/v2\/media\/495"}],"wp:attachment":[{"href":"https:\/\/conceptplvplus.com\/index.php?rest_route=%2Fwp%2Fv2%2Fmedia&parent=490"}],"wp:term":[{"taxonomy":"product_brand","embeddable":true,"href":"https:\/\/conceptplvplus.com\/index.php?rest_route=%2Fwp%2Fv2%2Fproduct_brand&post=490"},{"taxonomy":"product_cat","embeddable":true,"href":"https:\/\/conceptplvplus.com\/index.php?rest_route=%2Fwp%2Fv2%2Fproduct_cat&post=490"},{"taxonomy":"product_tag","embeddable":true,"href":"https:\/\/conceptplvplus.com\/index.php?rest_route=%2Fwp%2Fv2%2Fproduct_tag&post=490"}],"curies":[{"name":"wp","href":"https:\/\/api.w.org\/{rel}","templated":true}]}}