{"id":481,"date":"2025-12-03T10:37:15","date_gmt":"2025-12-03T10:37:15","guid":{"rendered":"https:\/\/conceptplvplus.com\/?post_type=product&#038;p=481"},"modified":"2025-12-03T10:39:23","modified_gmt":"2025-12-03T10:39:23","slug":"boutique-a-nabeul","status":"publish","type":"product","link":"https:\/\/conceptplvplus.com\/?product=boutique-a-nabeul","title":{"rendered":"Boutique \u00e0 Nabeul"},"content":{"rendered":"<p>\u2728Un style moderne, lumineux et \u00e9l\u00e9gant pour vos espaces.\u2728<br \/>\nR\u00e9alisation 100% Concept PLV.\ud83d\udcaf<\/p>\n<div class=\"images-inline\">\n  <img decoding=\"async\" src=\"http:\/\/conceptplvplus.com\/wp-content\/uploads\/2025\/12\/540278661_1333241435477852_764512631439605849_n-225x300.jpg\" alt=\"\" width=\"200\" height=\"auto\"><br \/>\n  <img decoding=\"async\" src=\"http:\/\/conceptplvplus.com\/wp-content\/uploads\/2025\/12\/540782746_1333241268811202_668875152620966827_n-225x300.jpg\" alt=\"\" width=\"200\" height=\"auto\"><br \/>\n  <img decoding=\"async\" src=\"http:\/\/conceptplvplus.com\/wp-content\/uploads\/2025\/12\/540936789_1333241388811190_971442901166969337_n-225x300.jpg\" alt=\"\" width=\"200\" height=\"auto\"><br \/>\n  <img decoding=\"async\" src=\"http:\/\/conceptplvplus.com\/wp-content\/uploads\/2025\/12\/540965860_1333241262144536_4893451631365736420_n-225x300.jpg\" alt=\"\" width=\"200\" height=\"auto\"><br \/>\n  <img decoding=\"async\" src=\"http:\/\/conceptplvplus.com\/wp-content\/uploads\/2025\/12\/541764117_1333241315477864_724407495735081066_n-225x300.jpg\" alt=\"\" width=\"200\" height=\"auto\"><br \/>\n  <img decoding=\"async\" src=\"http:\/\/conceptplvplus.com\/wp-content\/uploads\/2025\/12\/541994454_1333241428811186_8009105169817775746_n-300x225.jpg\" alt=\"\" width=\"200\" height=\"auto\"><br \/>\n  <img decoding=\"async\" src=\"http:\/\/conceptplvplus.com\/wp-content\/uploads\/2025\/12\/542120348_1333241228811206_5216302773728644501_n-300x225.jpg\" alt=\"\" width=\"200\" height=\"auto\"><br \/>\n  <img decoding=\"async\" src=\"http:\/\/conceptplvplus.com\/wp-content\/uploads\/2025\/12\/542124066_1333241225477873_1243799823586924999_n-300x225.jpg\" alt=\"\" width=\"200\" height=\"auto\">\n<\/div>\n<style>\n.images-inline {\n  display: flex;\n  gap: 10px;        \/* espace entre les images *\/\n  overflow-x: auto;  \/* scroll horizontal si trop large *\/\n  padding: 5px 0;\n  white-space: nowrap; \/* emp\u00eache le retour \u00e0 la ligne *\/\n}<\/p>\n<p>.images-inline img {\n  flex-shrink: 0;   \/* emp\u00eache l'image de r\u00e9tr\u00e9cir *\/\n  border-radius: 5px;\n}\n<\/style>\n","protected":false},"excerpt":{"rendered":"<p>\u2728Un style moderne, lumineux et \u00e9l\u00e9gant pour vos espaces.\u2728 R\u00e9alisation 100% Concept PLV.\ud83d\udcaf<\/p>\n","protected":false},"featured_media":489,"comment_status":"open","ping_status":"closed","template":"","meta":[],"product_brand":[],"product_cat":[23],"product_tag":[],"class_list":{"0":"post-481","1":"product","2":"type-product","3":"status-publish","4":"has-post-thumbnail","6":"product_cat-projets","8":"first","9":"instock","10":"shipping-taxable","11":"product-type-simple"},"_links":{"self":[{"href":"https:\/\/conceptplvplus.com\/index.php?rest_route=\/wp\/v2\/product\/481","targetHints":{"allow":["GET"]}}],"collection":[{"href":"https:\/\/conceptplvplus.com\/index.php?rest_route=\/wp\/v2\/product"}],"about":[{"href":"https:\/\/conceptplvplus.com\/index.php?rest_route=\/wp\/v2\/types\/product"}],"replies":[{"embeddable":true,"href":"https:\/\/conceptplvplus.com\/index.php?rest_route=%2Fwp%2Fv2%2Fcomments&post=481"}],"wp:featuredmedia":[{"embeddable":true,"href":"https:\/\/conceptplvplus.com\/index.php?rest_route=\/wp\/v2\/media\/489"}],"wp:attachment":[{"href":"https:\/\/conceptplvplus.com\/index.php?rest_route=%2Fwp%2Fv2%2Fmedia&parent=481"}],"wp:term":[{"taxonomy":"product_brand","embeddable":true,"href":"https:\/\/conceptplvplus.com\/index.php?rest_route=%2Fwp%2Fv2%2Fproduct_brand&post=481"},{"taxonomy":"product_cat","embeddable":true,"href":"https:\/\/conceptplvplus.com\/index.php?rest_route=%2Fwp%2Fv2%2Fproduct_cat&post=481"},{"taxonomy":"product_tag","embeddable":true,"href":"https:\/\/conceptplvplus.com\/index.php?rest_route=%2Fwp%2Fv2%2Fproduct_tag&post=481"}],"curies":[{"name":"wp","href":"https:\/\/api.w.org\/{rel}","templated":true}]}}