{"id":466,"date":"2025-12-03T10:30:32","date_gmt":"2025-12-03T10:30:32","guid":{"rendered":"https:\/\/conceptplvplus.com\/?post_type=product&#038;p=466"},"modified":"2026-01-09T05:02:02","modified_gmt":"2026-01-09T05:02:02","slug":"table-et-2-chaises","status":"publish","type":"product","link":"https:\/\/conceptplvplus.com\/?product=table-et-2-chaises","title":{"rendered":"Table et 2 chaises"},"content":{"rendered":"<div class=\"images-inline\"><img loading=\"lazy\" decoding=\"async\" src=\"http:\/\/conceptplvplus.com\/wp-content\/uploads\/2025\/12\/577045197_1398307098971285_7359825119139848494_n-225x300.jpg\" alt=\"\" width=\"225\" height=\"300\" class=\"alignnone size-medium wp-image-467\" srcset=\"https:\/\/conceptplvplus.com\/wp-content\/uploads\/2025\/12\/577045197_1398307098971285_7359825119139848494_n-225x300.jpg 225w, https:\/\/conceptplvplus.com\/wp-content\/uploads\/2025\/12\/577045197_1398307098971285_7359825119139848494_n-768x1024.jpg 768w, https:\/\/conceptplvplus.com\/wp-content\/uploads\/2025\/12\/577045197_1398307098971285_7359825119139848494_n-1152x1536.jpg 1152w, https:\/\/conceptplvplus.com\/wp-content\/uploads\/2025\/12\/577045197_1398307098971285_7359825119139848494_n-600x800.jpg 600w, https:\/\/conceptplvplus.com\/wp-content\/uploads\/2025\/12\/577045197_1398307098971285_7359825119139848494_n.jpg 1536w\" sizes=\"auto, (max-width: 225px) 100vw, 225px\" \/><br \/>\n<img loading=\"lazy\" decoding=\"async\" src=\"http:\/\/conceptplvplus.com\/wp-content\/uploads\/2025\/12\/577244395_1398307022304626_5352946197659723_n-250x300.jpg\" alt=\"\" width=\"250\" height=\"300\" class=\"alignnone size-medium wp-image-468\" srcset=\"https:\/\/conceptplvplus.com\/wp-content\/uploads\/2025\/12\/577244395_1398307022304626_5352946197659723_n-250x300.jpg 250w, https:\/\/conceptplvplus.com\/wp-content\/uploads\/2025\/12\/577244395_1398307022304626_5352946197659723_n-854x1024.jpg 854w, https:\/\/conceptplvplus.com\/wp-content\/uploads\/2025\/12\/577244395_1398307022304626_5352946197659723_n-768x921.jpg 768w, https:\/\/conceptplvplus.com\/wp-content\/uploads\/2025\/12\/577244395_1398307022304626_5352946197659723_n-1281x1536.jpg 1281w, https:\/\/conceptplvplus.com\/wp-content\/uploads\/2025\/12\/577244395_1398307022304626_5352946197659723_n-600x719.jpg 600w, https:\/\/conceptplvplus.com\/wp-content\/uploads\/2025\/12\/577244395_1398307022304626_5352946197659723_n.jpg 1708w\" sizes=\"auto, (max-width: 250px) 100vw, 250px\" \/><br \/>\n<img loading=\"lazy\" decoding=\"async\" src=\"http:\/\/conceptplvplus.com\/wp-content\/uploads\/2025\/12\/577311834_1398307042304624_3973745487407324286_n-225x300.jpg\" alt=\"\" width=\"225\" height=\"300\" class=\"alignnone size-medium wp-image-469\" srcset=\"https:\/\/conceptplvplus.com\/wp-content\/uploads\/2025\/12\/577311834_1398307042304624_3973745487407324286_n-225x300.jpg 225w, https:\/\/conceptplvplus.com\/wp-content\/uploads\/2025\/12\/577311834_1398307042304624_3973745487407324286_n-768x1024.jpg 768w, https:\/\/conceptplvplus.com\/wp-content\/uploads\/2025\/12\/577311834_1398307042304624_3973745487407324286_n-1152x1536.jpg 1152w, https:\/\/conceptplvplus.com\/wp-content\/uploads\/2025\/12\/577311834_1398307042304624_3973745487407324286_n-600x800.jpg 600w, https:\/\/conceptplvplus.com\/wp-content\/uploads\/2025\/12\/577311834_1398307042304624_3973745487407324286_n.jpg 1536w\" sizes=\"auto, (max-width: 225px) 100vw, 225px\" \/><br \/>\n<img loading=\"lazy\" decoding=\"async\" src=\"http:\/\/conceptplvplus.com\/wp-content\/uploads\/2025\/12\/577408604_1398307005637961_6823309212153953839_n-263x300.jpg\" alt=\"\" width=\"263\" height=\"300\" class=\"alignnone size-medium wp-image-470\" srcset=\"https:\/\/conceptplvplus.com\/wp-content\/uploads\/2025\/12\/577408604_1398307005637961_6823309212153953839_n-263x300.jpg 263w, https:\/\/conceptplvplus.com\/wp-content\/uploads\/2025\/12\/577408604_1398307005637961_6823309212153953839_n-898x1024.jpg 898w, https:\/\/conceptplvplus.com\/wp-content\/uploads\/2025\/12\/577408604_1398307005637961_6823309212153953839_n-768x876.jpg 768w, https:\/\/conceptplvplus.com\/wp-content\/uploads\/2025\/12\/577408604_1398307005637961_6823309212153953839_n-600x684.jpg 600w, https:\/\/conceptplvplus.com\/wp-content\/uploads\/2025\/12\/577408604_1398307005637961_6823309212153953839_n.jpg 1122w\" sizes=\"auto, (max-width: 263px) 100vw, 263px\" \/><br \/>\n<img loading=\"lazy\" decoding=\"async\" src=\"http:\/\/conceptplvplus.com\/wp-content\/uploads\/2025\/12\/577413451_1398307128971282_7305106398497732331_n-225x300.jpg\" alt=\"\" width=\"225\" height=\"300\" class=\"alignnone size-medium wp-image-471\" srcset=\"https:\/\/conceptplvplus.com\/wp-content\/uploads\/2025\/12\/577413451_1398307128971282_7305106398497732331_n-225x300.jpg 225w, https:\/\/conceptplvplus.com\/wp-content\/uploads\/2025\/12\/577413451_1398307128971282_7305106398497732331_n-768x1024.jpg 768w, https:\/\/conceptplvplus.com\/wp-content\/uploads\/2025\/12\/577413451_1398307128971282_7305106398497732331_n-1152x1536.jpg 1152w, https:\/\/conceptplvplus.com\/wp-content\/uploads\/2025\/12\/577413451_1398307128971282_7305106398497732331_n-600x800.jpg 600w, https:\/\/conceptplvplus.com\/wp-content\/uploads\/2025\/12\/577413451_1398307128971282_7305106398497732331_n.jpg 1536w\" sizes=\"auto, (max-width: 225px) 100vw, 225px\" \/>\n<\/div>\n<style>\n.images-inline {\n  display: flex;\n  gap: 10px;        \/* espace entre les images *\/\n  overflow-x: auto;  \/* permet de scroller si trop large *\/\n  padding: 5px 0;\n}<\/p>\n<p>.images-inline img {\n  width: 100px;     \/* taille petite *\/\n  height: 100px;\n  object-fit: cover;\n  border-radius: 5px;\n  flex-shrink: 0;   \/* emp\u00eache de r\u00e9tr\u00e9cir *\/\n}\n<\/style>\n","protected":false},"excerpt":{"rendered":"","protected":false},"featured_media":468,"comment_status":"open","ping_status":"closed","template":"","meta":[],"product_brand":[],"product_cat":[17],"product_tag":[],"class_list":{"0":"post-466","1":"product","2":"type-product","3":"status-publish","4":"has-post-thumbnail","6":"product_cat-table-et-chaises-de-jardin","8":"first","9":"instock","10":"shipping-taxable","11":"product-type-simple"},"_links":{"self":[{"href":"https:\/\/conceptplvplus.com\/index.php?rest_route=\/wp\/v2\/product\/466","targetHints":{"allow":["GET"]}}],"collection":[{"href":"https:\/\/conceptplvplus.com\/index.php?rest_route=\/wp\/v2\/product"}],"about":[{"href":"https:\/\/conceptplvplus.com\/index.php?rest_route=\/wp\/v2\/types\/product"}],"replies":[{"embeddable":true,"href":"https:\/\/conceptplvplus.com\/index.php?rest_route=%2Fwp%2Fv2%2Fcomments&post=466"}],"wp:featuredmedia":[{"embeddable":true,"href":"https:\/\/conceptplvplus.com\/index.php?rest_route=\/wp\/v2\/media\/468"}],"wp:attachment":[{"href":"https:\/\/conceptplvplus.com\/index.php?rest_route=%2Fwp%2Fv2%2Fmedia&parent=466"}],"wp:term":[{"taxonomy":"product_brand","embeddable":true,"href":"https:\/\/conceptplvplus.com\/index.php?rest_route=%2Fwp%2Fv2%2Fproduct_brand&post=466"},{"taxonomy":"product_cat","embeddable":true,"href":"https:\/\/conceptplvplus.com\/index.php?rest_route=%2Fwp%2Fv2%2Fproduct_cat&post=466"},{"taxonomy":"product_tag","embeddable":true,"href":"https:\/\/conceptplvplus.com\/index.php?rest_route=%2Fwp%2Fv2%2Fproduct_tag&post=466"}],"curies":[{"name":"wp","href":"https:\/\/api.w.org\/{rel}","templated":true}]}}