{"id":388,"date":"2025-12-03T09:17:29","date_gmt":"2025-12-03T09:17:29","guid":{"rendered":"https:\/\/conceptplvplus.com\/?post_type=product&#038;p=388"},"modified":"2025-12-03T09:57:13","modified_gmt":"2025-12-03T09:57:13","slug":"restaurant-olivia","status":"publish","type":"product","link":"https:\/\/conceptplvplus.com\/?product=restaurant-olivia","title":{"rendered":"Restaurant OLIVIA"},"content":{"rendered":"<p>\u2728 Projet restaurant OLIVIA \u2728<br \/>\nR\u00e9alisation sur mesure sign\u00e9e Concept PLV+ :<br \/>\n\ud83d\udd39 Miroirs \u00e9l\u00e9gants sur mesure<br \/>\n\ud83d\udd39 Cabines raffin\u00e9es au design soign\u00e9<br \/>\n\ud83d\udd39 Suspensions lumineuses en m\u00e9tal<br \/>\n\ud83d\udd39 Appliques murales design<br \/>\nUn projet qui met en valeur le savoir-faire artisanal et l\u2019\u00e9l\u00e9gance du design<\/p>\n<div class=\"images-inline\">\n <img loading=\"lazy\" decoding=\"async\" width=\"445\" height=\"250\" src=\"http:\/\/conceptplvplus.com\/wp-content\/uploads\/2025\/12\/563630441_1378521700949825_1728278325970036866_n-3.jpg\" alt=\"\" class=\"alignnone size-medium wp-image-422\" srcset=\"https:\/\/conceptplvplus.com\/wp-content\/uploads\/2025\/12\/563630441_1378521700949825_1728278325970036866_n-3.jpg 445w, https:\/\/conceptplvplus.com\/wp-content\/uploads\/2025\/12\/563630441_1378521700949825_1728278325970036866_n-3-300x169.jpg 300w\" sizes=\"auto, (max-width: 445px) 100vw, 445px\" \/><br \/>\n<img loading=\"lazy\" decoding=\"async\" width=\"556\" height=\"250\" src=\"http:\/\/conceptplvplus.com\/wp-content\/uploads\/2025\/12\/562386179_1378521497616512_3213490850639317957_n-2.jpg\" alt=\"\" class=\"alignnone size-medium wp-image-420\" srcset=\"https:\/\/conceptplvplus.com\/wp-content\/uploads\/2025\/12\/562386179_1378521497616512_3213490850639317957_n-2.jpg 556w, https:\/\/conceptplvplus.com\/wp-content\/uploads\/2025\/12\/562386179_1378521497616512_3213490850639317957_n-2-300x135.jpg 300w\" sizes=\"auto, (max-width: 556px) 100vw, 556px\" \/><br \/>\n<img loading=\"lazy\" decoding=\"async\" width=\"112\" height=\"250\" src=\"http:\/\/conceptplvplus.com\/wp-content\/uploads\/2025\/12\/562420887_1378521650949830_2334111674003718111_n-2.jpg\" alt=\"\"  class=\"alignnone size-medium  wp-image-419\" \/><br \/>\n<img loading=\"lazy\" decoding=\"async\" width=\"141\" height=\"250\" src=\"http:\/\/conceptplvplus.com\/wp-content\/uploads\/2025\/12\/562438486_1378521914283137_8986942632184559556_n-2.jpg\" alt=\"\" class=\"alignnone size-full wp-image-418\" \/><br \/>\n<img loading=\"lazy\" decoding=\"async\" width=\"445\" height=\"250\" src=\"http:\/\/conceptplvplus.com\/wp-content\/uploads\/2025\/12\/565373383_1378521320949863_7370072860409718108_n-2.jpg\" alt=\"\" class=\"alignnone size-medium wp-image-415\" srcset=\"https:\/\/conceptplvplus.com\/wp-content\/uploads\/2025\/12\/565373383_1378521320949863_7370072860409718108_n-2.jpg 445w, https:\/\/conceptplvplus.com\/wp-content\/uploads\/2025\/12\/565373383_1378521320949863_7370072860409718108_n-2-300x169.jpg 300w\" sizes=\"auto, (max-width: 445px) 100vw, 445px\" \/><br \/>\n<img loading=\"lazy\" decoding=\"async\" width=\"112\" height=\"250\" src=\"http:\/\/conceptplvplus.com\/wp-content\/uploads\/2025\/12\/549364708_1378521414283187_2848955467687589046_n-1-1.jpg\" alt=\"\" class=\"alignnone size-full wp-image-421\" \/><br \/>\n<img loading=\"lazy\" decoding=\"async\" width=\"112\" height=\"250\" src=\"http:\/\/conceptplvplus.com\/wp-content\/uploads\/2025\/12\/566316282_1378521500949845_2303770414937732589_n-2.jpg\" alt=\"\" class=\"alignnone size-full wp-image-414\" \/><br \/>\n<img loading=\"lazy\" decoding=\"async\" width=\"556\" height=\"250\" src=\"http:\/\/conceptplvplus.com\/wp-content\/uploads\/2025\/12\/566319947_1378521587616503_1910987050192474488_n-2.jpg\" alt=\"\" class=\"alignnone size-medium wp-image-413\" srcset=\"https:\/\/conceptplvplus.com\/wp-content\/uploads\/2025\/12\/566319947_1378521587616503_1910987050192474488_n-2.jpg 556w, https:\/\/conceptplvplus.com\/wp-content\/uploads\/2025\/12\/566319947_1378521587616503_1910987050192474488_n-2-300x135.jpg 300w\" sizes=\"auto, (max-width: 556px) 100vw, 556px\" \/><\/p>\n<\/div>\n<style>\n.images-inline {\n  display: flex;\n  gap: 10px;\n  overflow-x: auto;\n  padding: 5px 0;\n  white-space: nowrap;\n}\n.images-inline img {\n  flex-shrink: 0; \/* emp\u00eache de r\u00e9tr\u00e9cir *\/\n  border-radius: 5px;\n}\n<\/style>\n","protected":false},"excerpt":{"rendered":"<p>\u2728 Projet restaurant OLIVIA \u2728 R\u00e9alisation sur mesure sign\u00e9e Concept PLV+ : \ud83d\udd39 Miroirs \u00e9l\u00e9gants sur mesure \ud83d\udd39 Cabines raffin\u00e9es au design soign\u00e9 \ud83d\udd39 Suspensions lumineuses en m\u00e9tal \ud83d\udd39 Appliques&hellip;<\/p>\n","protected":false},"featured_media":397,"comment_status":"open","ping_status":"closed","template":"","meta":[],"product_brand":[],"product_cat":[23],"product_tag":[],"class_list":{"0":"post-388","1":"product","2":"type-product","3":"status-publish","4":"has-post-thumbnail","6":"product_cat-projets","8":"first","9":"instock","10":"shipping-taxable","11":"product-type-simple"},"_links":{"self":[{"href":"https:\/\/conceptplvplus.com\/index.php?rest_route=\/wp\/v2\/product\/388","targetHints":{"allow":["GET"]}}],"collection":[{"href":"https:\/\/conceptplvplus.com\/index.php?rest_route=\/wp\/v2\/product"}],"about":[{"href":"https:\/\/conceptplvplus.com\/index.php?rest_route=\/wp\/v2\/types\/product"}],"replies":[{"embeddable":true,"href":"https:\/\/conceptplvplus.com\/index.php?rest_route=%2Fwp%2Fv2%2Fcomments&post=388"}],"wp:featuredmedia":[{"embeddable":true,"href":"https:\/\/conceptplvplus.com\/index.php?rest_route=\/wp\/v2\/media\/397"}],"wp:attachment":[{"href":"https:\/\/conceptplvplus.com\/index.php?rest_route=%2Fwp%2Fv2%2Fmedia&parent=388"}],"wp:term":[{"taxonomy":"product_brand","embeddable":true,"href":"https:\/\/conceptplvplus.com\/index.php?rest_route=%2Fwp%2Fv2%2Fproduct_brand&post=388"},{"taxonomy":"product_cat","embeddable":true,"href":"https:\/\/conceptplvplus.com\/index.php?rest_route=%2Fwp%2Fv2%2Fproduct_cat&post=388"},{"taxonomy":"product_tag","embeddable":true,"href":"https:\/\/conceptplvplus.com\/index.php?rest_route=%2Fwp%2Fv2%2Fproduct_tag&post=388"}],"curies":[{"name":"wp","href":"https:\/\/api.w.org\/{rel}","templated":true}]}}