{"id":376,"date":"2025-12-03T09:14:32","date_gmt":"2025-12-03T09:14:32","guid":{"rendered":"https:\/\/conceptplvplus.com\/?post_type=product&#038;p=376"},"modified":"2025-12-03T09:16:44","modified_gmt":"2025-12-03T09:16:44","slug":"pizza-gram","status":"publish","type":"product","link":"https:\/\/conceptplvplus.com\/?product=pizza-gram","title":{"rendered":"Pizza Gram"},"content":{"rendered":"<p>\ud83c\udf55 Pizza Gram by Concept PLV+ \ud83c\udf55<br \/>\nUn design unique 100 % m\u00e9tal sign\u00e9 Concept PLV+ \ud83c\uddf9\ud83c\uddf3<br \/>\n\u2714\ufe0f Fabrication locale et artisanale<br \/>\n\u2714\ufe0f Structure solide et finitions soign\u00e9es<br \/>\n\ud83c\udfa8 Personnalisable selon vos besoins et vos couleurs<br \/>\n\u2699\ufe0f Qualit\u00e9 professionnelle, made in Tunisia<\/p>\n<div class=\"images-inline\">\n  <img decoding=\"async\" src=\"http:\/\/conceptplvplus.com\/wp-content\/uploads\/2025\/12\/564570575_1380492454086083_7877902326520240318_n-225x300.jpg\" alt=\"\"><br \/>\n  <img decoding=\"async\" src=\"http:\/\/conceptplvplus.com\/wp-content\/uploads\/2025\/12\/565621302_1380494107419251_5017047250847944148_n-225x300.jpg\" alt=\"\"><br \/>\n  <img decoding=\"async\" src=\"http:\/\/conceptplvplus.com\/wp-content\/uploads\/2025\/12\/565717040_1380493490752646_8587503624475569484_n-221x300.jpg\" alt=\"\"><br \/>\n  <img decoding=\"async\" src=\"http:\/\/conceptplvplus.com\/wp-content\/uploads\/2025\/12\/565934957_1380493234086005_1612859727438812361_n-300x225.jpg\" alt=\"\"><br \/>\n  <img decoding=\"async\" src=\"http:\/\/conceptplvplus.com\/wp-content\/uploads\/2025\/12\/565942277_1380492290752766_7700346376444995636_n-225x300.jpg\" alt=\"\"><br \/>\n  <img decoding=\"async\" src=\"http:\/\/conceptplvplus.com\/wp-content\/uploads\/2025\/12\/566340876_1380493320752663_982004674921389081_n-300x225.jpg\" alt=\"\"><br \/>\n  <img decoding=\"async\" src=\"http:\/\/conceptplvplus.com\/wp-content\/uploads\/2025\/12\/567699492_1380493160752679_6927647361444896055_n-225x300.jpg\" alt=\"\"><br \/>\n  <img decoding=\"async\" src=\"http:\/\/conceptplvplus.com\/wp-content\/uploads\/2025\/12\/567866675_1380493497419312_1202450937793898944_n-225x300.jpg\" alt=\"\"><br \/>\n  <img decoding=\"async\" src=\"http:\/\/conceptplvplus.com\/wp-content\/uploads\/2025\/12\/568132671_1380492944086034_4573593985369903236_n-225x300.jpg\" alt=\"\"><br \/>\n  <img decoding=\"async\" src=\"http:\/\/conceptplvplus.com\/wp-content\/uploads\/2025\/12\/568208256_1380492954086033_4811570967204510126_n-1-225x300.jpg\" alt=\"\"><br \/>\n  <img decoding=\"async\" src=\"http:\/\/conceptplvplus.com\/wp-content\/uploads\/2025\/12\/568208256_1380492954086033_4811570967204510126_n-225x300.jpg\" alt=\"\">\n<\/div>\n<style>\n.images-inline {\n  display: flex;\n  gap: 10px;           \/* espace entre les images *\/\n  overflow-x: auto;     \/* scroll horizontal si trop large *\/\n  padding: 5px 0;\n  white-space: nowrap;  \/* emp\u00eache le retour \u00e0 la ligne *\/\n}<\/p>\n<p>.images-inline img {\n  width: 150px;         \/* taille uniforme pour toutes les images *\/\n  height: 150px;        \/* carr\u00e9 pour garder uniformit\u00e9 malgr\u00e9 les proportions diff\u00e9rentes *\/\n  object-fit: cover;\n  border-radius: 5px;\n  flex-shrink: 0;       \/* emp\u00eache l'image de r\u00e9tr\u00e9cir *\/\n}\n<\/style>\n","protected":false},"excerpt":{"rendered":"<p>\ud83c\udf55 Pizza Gram by Concept PLV+ \ud83c\udf55 Un design unique 100 % m\u00e9tal sign\u00e9 Concept PLV+ \ud83c\uddf9\ud83c\uddf3 \u2714\ufe0f Fabrication locale et artisanale \u2714\ufe0f Structure solide et finitions soign\u00e9es \ud83c\udfa8 Personnalisable&hellip;<\/p>\n","protected":false},"featured_media":386,"comment_status":"open","ping_status":"closed","template":"","meta":[],"product_brand":[],"product_cat":[23],"product_tag":[],"class_list":{"0":"post-376","1":"product","2":"type-product","3":"status-publish","4":"has-post-thumbnail","6":"product_cat-projets","8":"first","9":"instock","10":"shipping-taxable","11":"product-type-simple"},"_links":{"self":[{"href":"https:\/\/conceptplvplus.com\/index.php?rest_route=\/wp\/v2\/product\/376","targetHints":{"allow":["GET"]}}],"collection":[{"href":"https:\/\/conceptplvplus.com\/index.php?rest_route=\/wp\/v2\/product"}],"about":[{"href":"https:\/\/conceptplvplus.com\/index.php?rest_route=\/wp\/v2\/types\/product"}],"replies":[{"embeddable":true,"href":"https:\/\/conceptplvplus.com\/index.php?rest_route=%2Fwp%2Fv2%2Fcomments&post=376"}],"wp:featuredmedia":[{"embeddable":true,"href":"https:\/\/conceptplvplus.com\/index.php?rest_route=\/wp\/v2\/media\/386"}],"wp:attachment":[{"href":"https:\/\/conceptplvplus.com\/index.php?rest_route=%2Fwp%2Fv2%2Fmedia&parent=376"}],"wp:term":[{"taxonomy":"product_brand","embeddable":true,"href":"https:\/\/conceptplvplus.com\/index.php?rest_route=%2Fwp%2Fv2%2Fproduct_brand&post=376"},{"taxonomy":"product_cat","embeddable":true,"href":"https:\/\/conceptplvplus.com\/index.php?rest_route=%2Fwp%2Fv2%2Fproduct_cat&post=376"},{"taxonomy":"product_tag","embeddable":true,"href":"https:\/\/conceptplvplus.com\/index.php?rest_route=%2Fwp%2Fv2%2Fproduct_tag&post=376"}],"curies":[{"name":"wp","href":"https:\/\/api.w.org\/{rel}","templated":true}]}}