{"id":366,"date":"2025-12-03T09:08:03","date_gmt":"2025-12-03T09:08:03","guid":{"rendered":"https:\/\/conceptplvplus.com\/?post_type=product&#038;p=366"},"modified":"2025-12-03T09:12:52","modified_gmt":"2025-12-03T09:12:52","slug":"tangerine","status":"publish","type":"product","link":"https:\/\/conceptplvplus.com\/?product=tangerine","title":{"rendered":"Tangerine"},"content":{"rendered":"<p>Concept PLV + x Tangerine \u2728<br \/>\nDes chaises et tables sur mesure, alliant m\u00e9tal et design raffin\u00e9, pour sublimer l&rsquo;espace de Tangerine.<br \/>\nDM pour vos projets personnalis\u00e9s !<\/p>\n<div class=\"images-inline\">\n  <img decoding=\"async\" src=\"http:\/\/conceptplvplus.com\/wp-content\/uploads\/2025\/12\/572143186_1388765433258785_6354654181821233133_n-1-241x300.jpg\" alt=\"\"><br \/>\n  <img decoding=\"async\" src=\"http:\/\/conceptplvplus.com\/wp-content\/uploads\/2025\/12\/571208877_1388765476592114_6960587756783246083_n-241x300.jpg\" alt=\"\"><br \/>\n  <img decoding=\"async\" src=\"http:\/\/conceptplvplus.com\/wp-content\/uploads\/2025\/12\/572818010_1388765443258784_2456306880017284169_n-242x300.jpg\" alt=\"\"><br \/>\n  <img decoding=\"async\" src=\"http:\/\/conceptplvplus.com\/wp-content\/uploads\/2025\/12\/589727983_1416389780496350_6902128100288687351_n-225x300.jpg\" alt=\"\"><br \/>\n  <img decoding=\"async\" src=\"http:\/\/conceptplvplus.com\/wp-content\/uploads\/2025\/12\/590081298_1416389810496347_3190546032188853712_n-225x300.jpg\" alt=\"\"><br \/>\n  <img decoding=\"async\" src=\"http:\/\/conceptplvplus.com\/wp-content\/uploads\/2025\/12\/590503338_1416389800496348_145915774449790063_n-2-225x300.jpg\" alt=\"\"><br \/>\n  <img decoding=\"async\" src=\"http:\/\/conceptplvplus.com\/wp-content\/uploads\/2025\/12\/591428918_1416389763829685_893170339526096570_n-1-225x300.jpg\" alt=\"\">\n<\/div>\n<style>\n.images-inline {\n  display: flex;\n  gap: 10px;           \/* espace entre les images *\/\n  overflow-x: auto;     \/* scroll horizontal si trop large *\/\n  padding: 5px 0;\n  white-space: nowrap;  \/* emp\u00eache le retour \u00e0 la ligne *\/\n}<\/p>\n<p>.images-inline img {\n  width: 200px;         \/* taille corrig\u00e9e *\/\n  height: 100px;\n  object-fit: cover;\n  border-radius: 5px;\n  flex-shrink: 0;       \/* emp\u00eache l'image de r\u00e9tr\u00e9cir *\/\n}\n<\/style>\n","protected":false},"excerpt":{"rendered":"<p>Concept PLV + x Tangerine \u2728 Des chaises et tables sur mesure, alliant m\u00e9tal et design raffin\u00e9, pour sublimer l&rsquo;espace de Tangerine. DM pour vos projets personnalis\u00e9s !<\/p>\n","protected":false},"featured_media":368,"comment_status":"open","ping_status":"closed","template":"","meta":[],"product_brand":[],"product_cat":[23],"product_tag":[],"class_list":{"0":"post-366","1":"product","2":"type-product","3":"status-publish","4":"has-post-thumbnail","6":"product_cat-projets","8":"first","9":"instock","10":"shipping-taxable","11":"product-type-simple"},"_links":{"self":[{"href":"https:\/\/conceptplvplus.com\/index.php?rest_route=\/wp\/v2\/product\/366","targetHints":{"allow":["GET"]}}],"collection":[{"href":"https:\/\/conceptplvplus.com\/index.php?rest_route=\/wp\/v2\/product"}],"about":[{"href":"https:\/\/conceptplvplus.com\/index.php?rest_route=\/wp\/v2\/types\/product"}],"replies":[{"embeddable":true,"href":"https:\/\/conceptplvplus.com\/index.php?rest_route=%2Fwp%2Fv2%2Fcomments&post=366"}],"wp:featuredmedia":[{"embeddable":true,"href":"https:\/\/conceptplvplus.com\/index.php?rest_route=\/wp\/v2\/media\/368"}],"wp:attachment":[{"href":"https:\/\/conceptplvplus.com\/index.php?rest_route=%2Fwp%2Fv2%2Fmedia&parent=366"}],"wp:term":[{"taxonomy":"product_brand","embeddable":true,"href":"https:\/\/conceptplvplus.com\/index.php?rest_route=%2Fwp%2Fv2%2Fproduct_brand&post=366"},{"taxonomy":"product_cat","embeddable":true,"href":"https:\/\/conceptplvplus.com\/index.php?rest_route=%2Fwp%2Fv2%2Fproduct_cat&post=366"},{"taxonomy":"product_tag","embeddable":true,"href":"https:\/\/conceptplvplus.com\/index.php?rest_route=%2Fwp%2Fv2%2Fproduct_tag&post=366"}],"curies":[{"name":"wp","href":"https:\/\/api.w.org\/{rel}","templated":true}]}}